{"id":6802,"date":"2021-02-05T08:53:21","date_gmt":"2021-02-05T08:53:21","guid":{"rendered":"https:\/\/woas.academy\/?page_id=6802"},"modified":"2021-02-05T15:43:28","modified_gmt":"2021-02-05T15:43:28","slug":"cyber-security-certification-program","status":"publish","type":"page","link":"https:\/\/woas.academy\/pt\/cyber-security-certification-program\/","title":{"rendered":"Programa de certifica\u00e7\u00e3o de seguran\u00e7a cibern\u00e9tica"},"content":{"rendered":"","protected":false},"excerpt":{"rendered":"","protected":false},"author":2,"featured_media":0,"parent":0,"menu_order":0,"comment_status":"closed","ping_status":"closed","template":"","meta":{"footnotes":""},"class_list":["post-6802","page","type-page","status-publish","hentry"],"_links":{"self":[{"href":"https:\/\/woas.academy\/pt\/wp-json\/wp\/v2\/pages\/6802","targetHints":{"allow":["GET"]}}],"collection":[{"href":"https:\/\/woas.academy\/pt\/wp-json\/wp\/v2\/pages"}],"about":[{"href":"https:\/\/woas.academy\/pt\/wp-json\/wp\/v2\/types\/page"}],"author":[{"embeddable":true,"href":"https:\/\/woas.academy\/pt\/wp-json\/wp\/v2\/users\/2"}],"replies":[{"embeddable":true,"href":"https:\/\/woas.academy\/pt\/wp-json\/wp\/v2\/comments?post=6802"}],"version-history":[{"count":5,"href":"https:\/\/woas.academy\/pt\/wp-json\/wp\/v2\/pages\/6802\/revisions"}],"predecessor-version":[{"id":6911,"href":"https:\/\/woas.academy\/pt\/wp-json\/wp\/v2\/pages\/6802\/revisions\/6911"}],"wp:attachment":[{"href":"https:\/\/woas.academy\/pt\/wp-json\/wp\/v2\/media?parent=6802"}],"curies":[{"name":"wp","href":"https:\/\/api.w.org\/{rel}","templated":true}]}}