{"id":6827,"date":"2021-02-05T10:24:00","date_gmt":"2021-02-05T10:24:00","guid":{"rendered":"https:\/\/woas.academy\/?page_id=6827"},"modified":"2021-02-05T11:02:16","modified_gmt":"2021-02-05T11:02:16","slug":"information-security-engineering-masters","status":"publish","type":"page","link":"https:\/\/woas.academy\/pt\/information-security-engineering-masters\/","title":{"rendered":"Mestrado em Engenharia de Seguran\u00e7a da Informa\u00e7\u00e3o"},"content":{"rendered":"","protected":false},"excerpt":{"rendered":"","protected":false},"author":2,"featured_media":0,"parent":0,"menu_order":0,"comment_status":"closed","ping_status":"closed","template":"","meta":{"footnotes":""},"class_list":["post-6827","page","type-page","status-publish","hentry"],"_links":{"self":[{"href":"https:\/\/woas.academy\/pt\/wp-json\/wp\/v2\/pages\/6827","targetHints":{"allow":["GET"]}}],"collection":[{"href":"https:\/\/woas.academy\/pt\/wp-json\/wp\/v2\/pages"}],"about":[{"href":"https:\/\/woas.academy\/pt\/wp-json\/wp\/v2\/types\/page"}],"author":[{"embeddable":true,"href":"https:\/\/woas.academy\/pt\/wp-json\/wp\/v2\/users\/2"}],"replies":[{"embeddable":true,"href":"https:\/\/woas.academy\/pt\/wp-json\/wp\/v2\/comments?post=6827"}],"version-history":[{"count":3,"href":"https:\/\/woas.academy\/pt\/wp-json\/wp\/v2\/pages\/6827\/revisions"}],"predecessor-version":[{"id":6839,"href":"https:\/\/woas.academy\/pt\/wp-json\/wp\/v2\/pages\/6827\/revisions\/6839"}],"wp:attachment":[{"href":"https:\/\/woas.academy\/pt\/wp-json\/wp\/v2\/media?parent=6827"}],"curies":[{"name":"wp","href":"https:\/\/api.w.org\/{rel}","templated":true}]}}